{"id":3263,"date":"2014-05-24T10:58:03","date_gmt":"2014-05-24T10:58:03","guid":{"rendered":"http:\/\/brad-web.com\/retigo\/?page_id=3263"},"modified":"2017-06-30T20:15:26","modified_gmt":"2017-06-30T19:15:26","slug":"gallery","status":"publish","type":"page","link":"https:\/\/cavetta.org.mt\/mt\/gallery\/","title":{"rendered":"Ritratti"},"content":{"rendered":"<section class=\"wpb-content-wrapper\"><p>[vc_row sp_top=&#8221;80&#8243; sp_bottom=&#8221;80&#8243;][vc_column][vc_heading title=&#8221;I\u010b-Cavetta fl-azzjoni&#8221; type=&#8221;h3&#8243; align=&#8221;center&#8221; margin_bottom=&#8221;60&#8243;][vc_gallery type=&#8221;grid&#8221; padding=&#8221;small&#8221; vpadding=&#8221;small&#8221; images=&#8221;10104,10105,10106,10108,10109,10110,10111,10112,10113,10114,10115,10116,10117,10118,10119,10120,10121,10122,10123,10124,10125,10126,10127,10128&#8243; img_size=&#8221;thumbnail&#8221;][\/vc_column][\/vc_row][vc_row sp_top=&#8221;60&#8243; sp_bottom=&#8221;55&#8243; background_color=&#8221;#f7f7f7&#8243; bg_grad=&#8221;background: -webkit-gradient(linear, left top, left bottom, color-stop(0%, #FBFBFB), color-stop(50%, #E3E3E3), color-stop(100%, #C2C2C2));background: -moz-linear-gradient(top,#FBFBFB 0%,#E3E3E3 50%,#C2C2C2 100%);background: -webkit-linear-gradient(top,#FBFBFB 0%,#E3E3E3 50%,#C2C2C2 100%);background: -o-linear-gradient(top,#FBFBFB 0%,#E3E3E3 50%,#C2C2C2 100%);background: -ms-linear-gradient(top,#FBFBFB 0%,#E3E3E3 50%,#C2C2C2 100%);background: linear-gradient(top,#FBFBFB 0%,#E3E3E3 50%,#C2C2C2 100%);&#8221; parallax_style=&#8221;vcpb-default&#8221; bg_image_repeat=&#8221;no-repeat&#8221; bg_image_size=&#8221;cover&#8221; bg_img_attach=&#8221;fixed&#8221; parallax_sense=&#8221;30&#8243; animation_direction=&#8221;left-animation&#8221; animation_repeat=&#8221;repeat&#8221; parallax_content_sense=&#8221;30&#8243; fadeout_start_effect=&#8221;30&#8243; bg_override=&#8221;0&#8243;][vc_column][vc_heading title=&#8221;Ta\u0127ri\u0121 g\u0127all-g\u0127alliema u l-Voluntiera&#8221; type=&#8221;h3&#8243; align=&#8221;center&#8221; margin_bottom=&#8221;0&#8243;][\/vc_column][\/vc_row][vc_row section_type=&#8221;full-width&#8221;][vc_column][vc_gallery type=&#8221;grid&#8221; columns=&#8221;4&#8243; images=&#8221;10099,10100,10101,10102&#8243;][\/vc_column][\/vc_row]<\/p>\n<\/section>","protected":false},"excerpt":{"rendered":"<p>[vc_row sp_top=&#8221;80&#8243; sp_bottom=&#8221;80&#8243;][vc_column][vc_heading title=&#8221;I\u010b-Cavetta fl-azzjoni&#8221; type=&#8221;h3&#8243; align=&#8221;center&#8221; margin_bottom=&#8221;60&#8243;][vc_gallery type=&#8221;grid&#8221; padding=&#8221;small&#8221; vpadding=&#8221;small&#8221; images=&#8221;10104,10105,10106,10108,10109,10110,10111,10112,10113,10114,10115,10116,10117,10118,10119,10120,10121,10122,10123,10124,10125,10126,10127,10128&#8243; img_size=&#8221;thumbnail&#8221;][\/vc_column][\/vc_row][vc_row sp_top=&#8221;60&#8243; sp_bottom=&#8221;55&#8243; background_color=&#8221;#f7f7f7&#8243; bg_grad=&#8221;background: -webkit-gradient(linear, left top, left bottom, color-stop(0%, #FBFBFB), color-stop(50%, #E3E3E3), color-stop(100%, #C2C2C2));background: -moz-linear-gradient(top,#FBFBFB 0%,#E3E3E3 50%,#C2C2C2 100%);background: -webkit-linear-gradient(top,#FBFBFB 0%,#E3E3E3 50%,#C2C2C2 100%);background: -o-linear-gradient(top,#FBFBFB 0%,#E3E3E3 50%,#C2C2C2 100%);background: [&hellip;]<\/p>\n","protected":false},"author":1,"featured_media":0,"parent":0,"menu_order":0,"comment_status":"closed","ping_status":"closed","template":"fullwidth.php","meta":[],"_links":{"self":[{"href":"https:\/\/cavetta.org.mt\/mt\/wp-json\/wp\/v2\/pages\/3263"}],"collection":[{"href":"https:\/\/cavetta.org.mt\/mt\/wp-json\/wp\/v2\/pages"}],"about":[{"href":"https:\/\/cavetta.org.mt\/mt\/wp-json\/wp\/v2\/types\/page"}],"author":[{"embeddable":true,"href":"https:\/\/cavetta.org.mt\/mt\/wp-json\/wp\/v2\/users\/1"}],"replies":[{"embeddable":true,"href":"https:\/\/cavetta.org.mt\/mt\/wp-json\/wp\/v2\/comments?post=3263"}],"version-history":[{"count":3,"href":"https:\/\/cavetta.org.mt\/mt\/wp-json\/wp\/v2\/pages\/3263\/revisions"}],"predecessor-version":[{"id":10389,"href":"https:\/\/cavetta.org.mt\/mt\/wp-json\/wp\/v2\/pages\/3263\/revisions\/10389"}],"wp:attachment":[{"href":"https:\/\/cavetta.org.mt\/mt\/wp-json\/wp\/v2\/media?parent=3263"}],"curies":[{"name":"wp","href":"https:\/\/api.w.org\/{rel}","templated":true}]}}