{"id":10498,"date":"2017-09-26T03:54:48","date_gmt":"2017-09-26T02:54:48","guid":{"rendered":"https:\/\/cavetta.org.mt\/?post_type=product&#038;p=10498"},"modified":"2026-02-19T10:59:41","modified_gmt":"2026-02-19T09:59:41","slug":"ic-cavetta-book-1-pdf-version","status":"publish","type":"product","link":"https:\/\/cavetta.org.mt\/mt\/product\/ic-cavetta-book-1-pdf-version\/","title":{"rendered":"I\u010b-\u010aavetta &#8211; L-ewwel Ktieb &#8211; Ver\u017cjoni PDF"},"content":{"rendered":"<p>I\u010b-\u010aavetta<\/p>\n<p>L-ewwel Ktieb -Ver\u017cjoni PDF<\/p>\n<p><img decoding=\"async\" loading=\"lazy\" class=\"alignnone wp-image-10665 size-medium\" src=\"https:\/\/cavetta.org.mt\/wp-content\/uploads\/2017\/09\/00-thumb-book1-215x300.png\" alt=\"\" width=\"215\" height=\"300\" srcset=\"https:\/\/cavetta.org.mt\/wp-content\/uploads\/2017\/09\/00-thumb-book1-215x300.png 215w, https:\/\/cavetta.org.mt\/wp-content\/uploads\/2017\/09\/00-thumb-book1.png 401w\" sizes=\"(max-width: 215px) 100vw, 215px\" \/><\/p>","protected":false},"excerpt":{"rendered":"<p>L-ewwel ktieb tat-ta\u0127ri\u0121 i\u0127arre\u0121 lill-istudenti fl-ittri kollha tal-alfabett Malti. Kull kapitlu jlaqqa\u2019 lill-persuna ma\u2019 \u0127oss, l-ittra li tirrappre\u017centa dak il-\u0127oss u l-kitba tal-istess ittra. Qabel l-g\u0127alliem jg\u0127addi g\u0127al ittra o\u0127ra, je\u0127tie\u0121lu ja\u010b\u010berta ru\u0127u li kull student tieg\u0127u jkun tg\u0127allem jg\u0127id, jaqra u jikteb l-ittra li jkun t\u0127arre\u0121 fiha. Kull \u0127ames jew sitt kapitli, issir revi\u017cjoni tal-ittri mg\u0127allma, fejn il-\u0127sejjes jing\u0127aqdu f\u2019sillabi u kliem, u joktor il-log\u0127ob bil-karti, il-kartini u l-kartolini. Sa tmiem l-ewwel ktieb, l-istudent g\u0127andu jkun tg\u0127allem kif ilissen, i\u0127oss, jaqra u jikteb l-ittri tal-alfabett u xi kliem \u0127afif.<\/p>\n","protected":false},"featured_media":10665,"comment_status":"open","ping_status":"closed","template":"","meta":[],"product_cat":[91],"product_tag":[],"_links":{"self":[{"href":"https:\/\/cavetta.org.mt\/mt\/wp-json\/wp\/v2\/product\/10498"}],"collection":[{"href":"https:\/\/cavetta.org.mt\/mt\/wp-json\/wp\/v2\/product"}],"about":[{"href":"https:\/\/cavetta.org.mt\/mt\/wp-json\/wp\/v2\/types\/product"}],"replies":[{"embeddable":true,"href":"https:\/\/cavetta.org.mt\/mt\/wp-json\/wp\/v2\/comments?post=10498"}],"wp:featuredmedia":[{"embeddable":true,"href":"https:\/\/cavetta.org.mt\/mt\/wp-json\/wp\/v2\/media\/10665"}],"wp:attachment":[{"href":"https:\/\/cavetta.org.mt\/mt\/wp-json\/wp\/v2\/media?parent=10498"}],"wp:term":[{"taxonomy":"product_cat","embeddable":true,"href":"https:\/\/cavetta.org.mt\/mt\/wp-json\/wp\/v2\/product_cat?post=10498"},{"taxonomy":"product_tag","embeddable":true,"href":"https:\/\/cavetta.org.mt\/mt\/wp-json\/wp\/v2\/product_tag?post=10498"}],"curies":[{"name":"wp","href":"https:\/\/api.w.org\/{rel}","templated":true}]}}