{"id":10667,"date":"2018-03-25T09:40:53","date_gmt":"2018-03-25T08:40:53","guid":{"rendered":"https:\/\/cavetta.org.mt\/?post_type=product&#038;p=10667"},"modified":"2026-03-12T15:53:11","modified_gmt":"2026-03-12T14:53:11","slug":"ic-cavetta-book-2-pdf-version","status":"publish","type":"product","link":"https:\/\/cavetta.org.mt\/mt\/product\/ic-cavetta-book-2-pdf-version\/","title":{"rendered":"I\u010b-\u010aavetta &#8211; It-Tieni Ktieb &#8211; Ver\u017cjoni PDF"},"content":{"rendered":"<p>I\u010b-\u010aavetta<\/p>\n<p>It-Tieni Ktieb -Ver\u017cjoni PDF<\/p>\n<p><img decoding=\"async\" loading=\"lazy\" class=\"alignnone wp-image-10668 size-medium\" src=\"https:\/\/cavetta.org.mt\/wp-content\/uploads\/2018\/03\/00-thumb-book2-215x300.png\" alt=\"\" width=\"215\" height=\"300\" srcset=\"https:\/\/cavetta.org.mt\/wp-content\/uploads\/2018\/03\/00-thumb-book2-215x300.png 215w, https:\/\/cavetta.org.mt\/wp-content\/uploads\/2018\/03\/00-thumb-book2.png 401w\" sizes=\"(max-width: 215px) 100vw, 215px\" \/><\/p>","protected":false},"excerpt":{"rendered":"<p>It-Tieni ktieb tat-ta\u0127ri\u0121 jibni fuq l-ewwel ktieb u j\u0127arre\u0121 lill-istudenti fil-forom u l-hsejjes ta&#8217; numru mdaqqas ta&#8217; kliem m&#8217;g\u0127allem b&#8217;e\u017cer\u010bizzji m\u017cewqa.<\/p>\n","protected":false},"featured_media":10668,"comment_status":"open","ping_status":"closed","template":"","meta":[],"product_cat":[91],"product_tag":[],"_links":{"self":[{"href":"https:\/\/cavetta.org.mt\/mt\/wp-json\/wp\/v2\/product\/10667"}],"collection":[{"href":"https:\/\/cavetta.org.mt\/mt\/wp-json\/wp\/v2\/product"}],"about":[{"href":"https:\/\/cavetta.org.mt\/mt\/wp-json\/wp\/v2\/types\/product"}],"replies":[{"embeddable":true,"href":"https:\/\/cavetta.org.mt\/mt\/wp-json\/wp\/v2\/comments?post=10667"}],"wp:featuredmedia":[{"embeddable":true,"href":"https:\/\/cavetta.org.mt\/mt\/wp-json\/wp\/v2\/media\/10668"}],"wp:attachment":[{"href":"https:\/\/cavetta.org.mt\/mt\/wp-json\/wp\/v2\/media?parent=10667"}],"wp:term":[{"taxonomy":"product_cat","embeddable":true,"href":"https:\/\/cavetta.org.mt\/mt\/wp-json\/wp\/v2\/product_cat?post=10667"},{"taxonomy":"product_tag","embeddable":true,"href":"https:\/\/cavetta.org.mt\/mt\/wp-json\/wp\/v2\/product_tag?post=10667"}],"curies":[{"name":"wp","href":"https:\/\/api.w.org\/{rel}","templated":true}]}}