{"id":10821,"date":"2019-04-12T06:29:15","date_gmt":"2019-04-12T05:29:15","guid":{"rendered":"https:\/\/cavetta.org.mt\/?post_type=product&#038;p=10821"},"modified":"2024-08-16T01:39:12","modified_gmt":"2024-08-16T00:39:12","slug":"ic-cavetta-book-3-pdf-version","status":"publish","type":"product","link":"https:\/\/cavetta.org.mt\/mt\/product\/ic-cavetta-book-3-pdf-version\/","title":{"rendered":"I\u010b-\u010aavetta &#8211; It-Tielet Ktieb &#8211; Ver\u017cjoni PDF"},"content":{"rendered":"<p>I\u010b-\u010aavetta<\/p>\n<p>It-Tielet Ktieb -Ver\u017cjoni PDF<\/p>\n<p><img decoding=\"async\" loading=\"lazy\" class=\"alignnone wp-image-10824 size-medium\" src=\"https:\/\/cavetta.org.mt\/wp-content\/uploads\/2019\/04\/00-thumb-book3-1-213x300.png\" alt=\"\" width=\"213\" height=\"300\" srcset=\"https:\/\/cavetta.org.mt\/wp-content\/uploads\/2019\/04\/00-thumb-book3-1-213x300.png 213w, https:\/\/cavetta.org.mt\/wp-content\/uploads\/2019\/04\/00-thumb-book3-1.png 401w\" sizes=\"(max-width: 213px) 100vw, 213px\" \/><\/p>","protected":false},"excerpt":{"rendered":"<p>It-Tielet ktieb tat-ta\u0127ri\u0121 jibni fuq l-ewwel \u017cew\u0121 kotba u j\u0127arre\u0121 lill-istudenti b&#8217;e\u017cer\u010bizzji ta&#8217; livell aktar avvanzat u prattiku g\u0127ad-dinja tax-xog\u0127ol.<\/p>\n","protected":false},"featured_media":10824,"comment_status":"open","ping_status":"closed","template":"","meta":[],"product_cat":[91],"product_tag":[],"_links":{"self":[{"href":"https:\/\/cavetta.org.mt\/mt\/wp-json\/wp\/v2\/product\/10821"}],"collection":[{"href":"https:\/\/cavetta.org.mt\/mt\/wp-json\/wp\/v2\/product"}],"about":[{"href":"https:\/\/cavetta.org.mt\/mt\/wp-json\/wp\/v2\/types\/product"}],"replies":[{"embeddable":true,"href":"https:\/\/cavetta.org.mt\/mt\/wp-json\/wp\/v2\/comments?post=10821"}],"wp:featuredmedia":[{"embeddable":true,"href":"https:\/\/cavetta.org.mt\/mt\/wp-json\/wp\/v2\/media\/10824"}],"wp:attachment":[{"href":"https:\/\/cavetta.org.mt\/mt\/wp-json\/wp\/v2\/media?parent=10821"}],"wp:term":[{"taxonomy":"product_cat","embeddable":true,"href":"https:\/\/cavetta.org.mt\/mt\/wp-json\/wp\/v2\/product_cat?post=10821"},{"taxonomy":"product_tag","embeddable":true,"href":"https:\/\/cavetta.org.mt\/mt\/wp-json\/wp\/v2\/product_tag?post=10821"}],"curies":[{"name":"wp","href":"https:\/\/api.w.org\/{rel}","templated":true}]}}